{"id":2,"date":"2024-04-04T11:51:55","date_gmt":"2024-04-04T09:51:55","guid":{"rendered":"https:\/\/bienvenuedansluniversboemia.com\/?page_id=2"},"modified":"2024-04-09T14:26:46","modified_gmt":"2024-04-09T12:26:46","slug":"page-d-exemple","status":"publish","type":"page","link":"https:\/\/bienvenuedansluniversboemia.com\/","title":{"rendered":"Entrez dans l&#8217;univers de Bo\u00e8mia, o\u00f9 l&#8217;intention, l&#8217;authenticit\u00e9 et la passion fusionnent pour cr\u00e9er une exp\u00e9rience aromatique exceptionnelle."},"content":{"rendered":"\n<p><\/p>\n\n\n\n<figure class=\"wp-block-embed is-type-video is-provider-youtube wp-block-embed-youtube wp-embed-aspect-16-9 wp-has-aspect-ratio\"><div class=\"wp-block-embed__wrapper\">\n<iframe loading=\"lazy\" title=\"Bo\u00e8mia - Une aromath\u00e9rapie au service du vivant\" width=\"500\" height=\"281\" src=\"https:\/\/www.youtube.com\/embed\/w5hBcrdGyM0?feature=oembed\" frameborder=\"0\" allow=\"accelerometer; autoplay; clipboard-write; encrypted-media; gyroscope; picture-in-picture; web-share\" referrerpolicy=\"strict-origin-when-cross-origin\" allowfullscreen><\/iframe>\n<\/div><\/figure>\n\n\n\n<div style=\"height:100px\" aria-hidden=\"true\" class=\"wp-block-spacer\"><\/div>\n","protected":false},"excerpt":{"rendered":"","protected":false},"author":1,"featured_media":0,"parent":0,"menu_order":0,"comment_status":"closed","ping_status":"open","template":"","meta":{"footnotes":""},"_links":{"self":[{"href":"https:\/\/bienvenuedansluniversboemia.com\/index.php\/wp-json\/wp\/v2\/pages\/2"}],"collection":[{"href":"https:\/\/bienvenuedansluniversboemia.com\/index.php\/wp-json\/wp\/v2\/pages"}],"about":[{"href":"https:\/\/bienvenuedansluniversboemia.com\/index.php\/wp-json\/wp\/v2\/types\/page"}],"author":[{"embeddable":true,"href":"https:\/\/bienvenuedansluniversboemia.com\/index.php\/wp-json\/wp\/v2\/users\/1"}],"replies":[{"embeddable":true,"href":"https:\/\/bienvenuedansluniversboemia.com\/index.php\/wp-json\/wp\/v2\/comments?post=2"}],"version-history":[{"count":3,"href":"https:\/\/bienvenuedansluniversboemia.com\/index.php\/wp-json\/wp\/v2\/pages\/2\/revisions"}],"predecessor-version":[{"id":13,"href":"https:\/\/bienvenuedansluniversboemia.com\/index.php\/wp-json\/wp\/v2\/pages\/2\/revisions\/13"}],"wp:attachment":[{"href":"https:\/\/bienvenuedansluniversboemia.com\/index.php\/wp-json\/wp\/v2\/media?parent=2"}],"curies":[{"name":"wp","href":"https:\/\/api.w.org\/{rel}","templated":true}]}}